{"id":4,"date":"2020-05-11T21:13:21","date_gmt":"2020-05-11T21:13:21","guid":{"rendered":"http:\/\/website.rabenfelsen.de\/?page_id=4"},"modified":"2026-04-28T18:26:11","modified_gmt":"2026-04-28T18:26:11","slug":"home","status":"publish","type":"page","link":"https:\/\/rabenfelsen.de\/","title":{"rendered":"Home"},"content":{"rendered":"\t\t<div data-elementor-type=\"wp-page\" data-elementor-id=\"4\" class=\"elementor elementor-4\">\n\t\t\t\t\t\t<section class=\"elementor-section elementor-top-section elementor-element elementor-element-6c15cfda elementor-section-height-min-height elementor-section-content-bottom elementor-section-full_width elementor-section-items-bottom elementor-section-height-default\" data-id=\"6c15cfda\" data-element_type=\"section\" data-settings=\"{&quot;background_background&quot;:&quot;slideshow&quot;,&quot;background_slideshow_gallery&quot;:[{&quot;id&quot;:78,&quot;url&quot;:&quot;https:\\\/\\\/rabenfelsen.de\\\/wp-content\\\/uploads\\\/2020\\\/05\\\/IMG_0725-1.jpeg&quot;},{&quot;id&quot;:61,&quot;url&quot;:&quot;https:\\\/\\\/rabenfelsen.de\\\/wp-content\\\/uploads\\\/2020\\\/05\\\/IMG_0725-e1589395360394.jpeg&quot;}],&quot;background_slideshow_loop&quot;:&quot;yes&quot;,&quot;background_slideshow_slide_duration&quot;:5000,&quot;background_slideshow_slide_transition&quot;:&quot;fade&quot;,&quot;background_slideshow_transition_duration&quot;:500}\">\n\t\t\t\t\t\t<div class=\"elementor-container elementor-column-gap-default\">\n\t\t\t\t\t<div class=\"elementor-column elementor-col-100 elementor-top-column elementor-element elementor-element-5fa5b904\" data-id=\"5fa5b904\" data-element_type=\"column\">\n\t\t\t<div class=\"elementor-widget-wrap elementor-element-populated\">\n\t\t\t\t\t\t<div class=\"elementor-element elementor-element-52f7b4b3 elementor-widget__width-initial elementor-absolute elementor-widget-mobile__width-initial elementor-widget elementor-widget-heading\" data-id=\"52f7b4b3\" data-element_type=\"widget\" data-settings=\"{&quot;_position&quot;:&quot;absolute&quot;}\" data-widget_type=\"heading.default\">\n\t\t\t\t<div class=\"elementor-widget-container\">\n\t\t\t<h2 class=\"elementor-heading-title elementor-size-medium\"><b>Gasthaus<\/b> <b>Unterm<\/b> <b>Rabenfelsen<\/b><br><b>Eugen<\/b> <b>und<\/b> <b>Rijnie<\/b> <b>Schmidt<\/b><br><b>Hauptstra\u00dfe<\/b> <b>13<\/b><br><b>79674<\/b> <b>Todtnau<\/b>-<b>Schlechtnau<\/b>\n\n<br><b>Tel: 07671-365<\/h2>\t\t<\/div>\n\t\t\t\t<\/div>\n\t\t\t\t<div class=\"elementor-element elementor-element-3130ba53 elementor-widget elementor-widget-spacer\" data-id=\"3130ba53\" data-element_type=\"widget\" data-widget_type=\"spacer.default\">\n\t\t\t\t<div class=\"elementor-widget-container\">\n\t\t\t\t\t<div class=\"elementor-spacer\">\n\t\t\t<div class=\"elementor-spacer-inner\"><\/div>\n\t\t<\/div>\n\t\t\t\t<\/div>\n\t\t\t\t<\/div>\n\t\t\t\t<div class=\"elementor-element elementor-element-16d8880d elementor-widget__width-initial elementor-absolute elementor-widget-mobile__width-initial elementor-invisible elementor-widget elementor-widget-text-editor\" data-id=\"16d8880d\" data-element_type=\"widget\" data-settings=\"{&quot;_animation&quot;:&quot;slideInUp&quot;,&quot;_position&quot;:&quot;absolute&quot;}\" data-widget_type=\"text-editor.default\">\n\t\t\t\t<div class=\"elementor-widget-container\">\n\t\t\t\t\t\t\t<p><strong><em>Steakspezialit\u00e4ten<\/em><\/strong><\/p>\t\t\t\t\t\t<\/div>\n\t\t\t\t<\/div>\n\t\t\t\t\t<\/div>\n\t\t<\/div>\n\t\t\t\t\t<\/div>\n\t\t<\/section>\n\t\t\t\t<section class=\"elementor-section elementor-top-section elementor-element elementor-element-73046d9c elementor-section-content-space-evenly elementor-section-height-full elementor-section-boxed elementor-section-height-default elementor-section-items-middle\" data-id=\"73046d9c\" data-element_type=\"section\" data-settings=\"{&quot;background_background&quot;:&quot;slideshow&quot;,&quot;background_slideshow_gallery&quot;:[{&quot;id&quot;:1706,&quot;url&quot;:&quot;https:\\\/\\\/rabenfelsen.de\\\/wp-content\\\/uploads\\\/2025\\\/01\\\/IMG_4792_jpg.jpg&quot;}],&quot;background_slideshow_loop&quot;:&quot;yes&quot;,&quot;background_slideshow_slide_duration&quot;:5000,&quot;background_slideshow_slide_transition&quot;:&quot;fade&quot;,&quot;background_slideshow_transition_duration&quot;:500}\">\n\t\t\t\t\t\t\t<div class=\"elementor-background-overlay\"><\/div>\n\t\t\t\t\t\t\t<div class=\"elementor-container elementor-column-gap-extended\">\n\t\t\t\t\t<div class=\"elementor-column elementor-col-100 elementor-top-column elementor-element elementor-element-4a1b1dc1 animated-slow elementor-invisible\" data-id=\"4a1b1dc1\" data-element_type=\"column\" data-settings=\"{&quot;background_background&quot;:&quot;slideshow&quot;,&quot;animation&quot;:&quot;fadeInLeft&quot;,&quot;animation_delay&quot;:900,&quot;background_slideshow_gallery&quot;:[],&quot;background_slideshow_loop&quot;:&quot;yes&quot;,&quot;background_slideshow_slide_duration&quot;:5000,&quot;background_slideshow_slide_transition&quot;:&quot;fade&quot;,&quot;background_slideshow_transition_duration&quot;:500}\">\n\t\t\t<div class=\"elementor-widget-wrap elementor-element-populated\">\n\t\t\t\t\t\t<div class=\"elementor-element elementor-element-2e9c0cff elementor-widget__width-initial elementor-widget-mobile__width-initial elementor-widget-tablet__width-initial elementor-widget elementor-widget-text-editor\" data-id=\"2e9c0cff\" data-element_type=\"widget\" data-widget_type=\"text-editor.default\">\n\t\t\t\t<div class=\"elementor-widget-container\">\n\t\t\t\t\t\t\t<p style=\"text-align: center;\"><span style=\"color: #00ffff;\"><strong><span style=\"color: #ff6600;\">Liebe G\u00e4ste,<\/span><\/strong><\/span><\/p><h4 style=\"text-align: center;\"><span style=\"color: #00ffff;\">Ab Donnerstag den 30. April haben wir wieder Pl\u00e4tze frei. Samstag den 2. Mai ist ausgebucht.<\/span><\/h4><p style=\"text-align: center;\"><span style=\"color: #ff0000;\"><strong><span style=\"color: #00ffff;\">Montag, Dienstag, Mittwoch ist Ruhetag<\/span><\/strong><\/span><\/p><p><span style=\"color: #00ffff;\"><strong><span style=\"font-size: 20px;\">Einen<\/span><span style=\"font-size: 20px;\"> Tisch k\u00f6nnen Sie reservieren unter <\/span><a style=\"font-size: 20px; color: #00ffff;\" href=\"mailto:info@rabenfelsen.de\"><span style=\"color: #ff6600;\">info@rabenfelsen.de<\/span><\/a><span style=\"font-size: 20px;\">\u00a0<\/span><\/strong><\/span><\/p><p><span style=\"color: #00ffff;\"><strong>Ihr Tisch ist erst reserviert, wenn Sie von uns eine Best\u00e4tigung erhalten (Bitte Spam Ordner beachten)<\/strong><\/span><\/p><p><span style=\"color: #00ffff;\"><strong>Sollte sich \u00a0bei der Personenzahl etwas \u00e4ndern,<br \/>informieren Sie uns bitte vor Ihrem Eintreffen,<br \/>egal wie kurzfristig.<\/strong><\/span><\/p><p><span style=\"color: #00ffff;\"><strong>F\u00fcr reservierte und dann freibleibende Sitzpl\u00e4tze behalten wir uns vor diese in Rechnung zu stellen.<\/strong><\/span><\/p><p><span style=\"color: #00ffff;\"><strong>Bank- oder Kreditkarten Zahlung ist bei uns nur bedingt m\u00f6glich.<\/strong><\/span><\/p>\t\t\t\t\t\t<\/div>\n\t\t\t\t<\/div>\n\t\t\t\t\t<\/div>\n\t\t<\/div>\n\t\t\t\t\t<\/div>\n\t\t<\/section>\n\t\t\t\t<section class=\"elementor-section elementor-top-section elementor-element elementor-element-1c6d467 elementor-section-height-min-height elementor-section-boxed elementor-section-height-default elementor-section-items-middle\" data-id=\"1c6d467\" data-element_type=\"section\" data-settings=\"{&quot;background_background&quot;:&quot;slideshow&quot;,&quot;background_slideshow_gallery&quot;:[{&quot;id&quot;:1710,&quot;url&quot;:&quot;https:\\\/\\\/rabenfelsen.de\\\/wp-content\\\/uploads\\\/2025\\\/01\\\/IMG_4603-scaled.jpg&quot;}],&quot;background_slideshow_loop&quot;:&quot;yes&quot;,&quot;background_slideshow_slide_duration&quot;:5000,&quot;background_slideshow_slide_transition&quot;:&quot;fade&quot;,&quot;background_slideshow_transition_duration&quot;:500}\">\n\t\t\t\t\t\t<div class=\"elementor-container elementor-column-gap-narrow\">\n\t\t\t\t\t<div class=\"elementor-column elementor-col-100 elementor-top-column elementor-element elementor-element-c54f922\" data-id=\"c54f922\" data-element_type=\"column\">\n\t\t\t<div class=\"elementor-widget-wrap elementor-element-populated\">\n\t\t\t\t\t\t<div class=\"elementor-element elementor-element-984d4a8 elementor-widget__width-initial elementor-absolute elementor-widget-tablet__width-initial elementor-widget-mobile__width-initial elementor-widget elementor-widget-text-editor\" data-id=\"984d4a8\" data-element_type=\"widget\" data-settings=\"{&quot;_position&quot;:&quot;absolute&quot;}\" data-widget_type=\"text-editor.default\">\n\t\t\t\t<div class=\"elementor-widget-container\">\n\t\t\t\t\t\t\t<p style=\"text-align: center;\"><span style=\"color: #ff9900;\"><strong>Unsere K\u00fcche hat Ge\u00f6ffnet:<\/strong><\/span><\/p><p style=\"text-align: center;\"><span style=\"color: #ff9900;\"><strong>Donnerstag, Freitag, Samstag, Sonntag<\/strong><\/span><\/p><p style=\"text-align: center;\"><span style=\"color: #ff9900;\"><strong>von 17.00 bis 20.00 Uhr<\/strong><\/span><\/p><p style=\"text-align: center;\"><span style=\"color: #ff9900;\"><strong>Montag, Dienstag und Mittwoch \u00a0ist Ruhetag<\/strong><\/span><\/p>\t\t\t\t\t\t<\/div>\n\t\t\t\t<\/div>\n\t\t\t\t\t<\/div>\n\t\t<\/div>\n\t\t\t\t\t<\/div>\n\t\t<\/section>\n\t\t\t\t<section class=\"elementor-section elementor-top-section elementor-element elementor-element-6d10885 elementor-section-height-min-height elementor-section-boxed elementor-section-height-default elementor-section-items-middle\" data-id=\"6d10885\" data-element_type=\"section\" data-settings=\"{&quot;background_background&quot;:&quot;slideshow&quot;,&quot;background_slideshow_gallery&quot;:[{&quot;id&quot;:181,&quot;url&quot;:&quot;https:\\\/\\\/rabenfelsen.de\\\/wp-content\\\/uploads\\\/2022\\\/11\\\/IMG_1917-scaled.jpeg&quot;}],&quot;background_slideshow_loop&quot;:&quot;yes&quot;,&quot;background_slideshow_slide_duration&quot;:5000,&quot;background_slideshow_slide_transition&quot;:&quot;fade&quot;,&quot;background_slideshow_transition_duration&quot;:500}\">\n\t\t\t\t\t\t<div class=\"elementor-container elementor-column-gap-narrow\">\n\t\t\t\t\t<div class=\"elementor-column elementor-col-100 elementor-top-column elementor-element elementor-element-a15da5e\" data-id=\"a15da5e\" data-element_type=\"column\">\n\t\t\t<div class=\"elementor-widget-wrap elementor-element-populated\">\n\t\t\t\t\t\t<div class=\"elementor-element elementor-element-04e0724 elementor-widget__width-initial elementor-widget-mobile__width-initial elementor-absolute elementor-widget elementor-widget-text-editor\" data-id=\"04e0724\" data-element_type=\"widget\" data-settings=\"{&quot;_position&quot;:&quot;absolute&quot;}\" data-widget_type=\"text-editor.default\">\n\t\t\t\t<div class=\"elementor-widget-container\">\n\t\t\t\t\t\t\t<p style=\"text-align: center;\"><strong>Speisekarte<\/strong><\/p><p style=\"text-align: center;\"><strong><span style=\"color: #ff9900;\"><a style=\"color: #ff9900;\" href=\"https:\/\/rabenfelsen.de\/wp-content\/uploads\/2024\/01\/VorspeisenJanuar-2024.pdf\">Vorspeisen<\/a><\/span><\/strong><\/p><p style=\"text-align: center;\"><strong><span style=\"color: #ff9900;\"><a style=\"color: #ff9900;\" href=\"https:\/\/rabenfelsen.de\/wp-content\/uploads\/2025\/10\/Steaks-1.-Oktober-2025.pdf\">vom Schwein und Rind<\/a><\/span><\/strong><\/p><p style=\"text-align: center;\"><strong><span style=\"color: #ff9900;\"><a style=\"color: #ff9900;\" href=\"https:\/\/rabenfelsen.de\/wp-content\/uploads\/2025\/10\/Steaks2-Oktober-2025-.pdf\">Rindersteaks<\/a><\/span><\/strong><\/p><p style=\"text-align: center;\"><strong><span style=\"color: #ff9900;\"><a style=\"color: #ff9900;\" href=\"https:\/\/rabenfelsen.de\/wp-content\/uploads\/2024\/01\/Gerichte-ohne-Fleisch.Januar-2024.pdf\">F\u00fcr unsere Kleinen\/ Gerichte ohne Fleisch<\/a><\/span><\/strong><\/p><p style=\"text-align: center;\"><strong><span style=\"color: #ff9900;\"><a style=\"color: #ff9900;\" href=\"https:\/\/rabenfelsen.de\/wp-content\/uploads\/2025\/04\/Desserts-2025.pdf\">Desserts<\/a><\/span><\/strong><\/p><p class=\"paragraph_style_1\" style=\"text-align: center;\"><span style=\"color: #ff9900;\"><a style=\"color: #ff9900;\" href=\"http:\/\/website.rabenfelsen.de\/wp-content\/uploads\/2020\/05\/Impressum.pdf\">Impressum<\/a><\/span><\/p>\t\t\t\t\t\t<\/div>\n\t\t\t\t<\/div>\n\t\t\t\t\t<\/div>\n\t\t<\/div>\n\t\t\t\t\t<\/div>\n\t\t<\/section>\n\t\t\t\t<\/div>\n\t\t","protected":false},"excerpt":{"rendered":"<p>Gasthaus Unterm RabenfelsenEugen und Rijnie SchmidtHauptstra\u00dfe 1379674 Todtnau&#8211;Schlechtnau Tel: 07671-365 Steakspezialit\u00e4ten Liebe G\u00e4ste, Ab Donnerstag den 30. April haben wir wieder Pl\u00e4tze frei. Samstag den 2. Mai ist ausgebucht. Montag, Dienstag, Mittwoch ist Ruhetag Einen Tisch k\u00f6nnen Sie reservieren unter info@rabenfelsen.de\u00a0 Ihr Tisch ist erst reserviert, wenn Sie von uns eine Best\u00e4tigung erhalten (Bitte Spam [&hellip;]<\/p>\n","protected":false},"author":1,"featured_media":0,"parent":0,"menu_order":0,"comment_status":"closed","ping_status":"closed","template":"elementor_header_footer","meta":{"ocean_post_layout":"full-screen","ocean_both_sidebars_style":"","ocean_both_sidebars_content_width":0,"ocean_both_sidebars_sidebars_width":0,"ocean_sidebar":"0","ocean_second_sidebar":"0","ocean_disable_margins":"enable","ocean_add_body_class":"","ocean_shortcode_before_top_bar":"","ocean_shortcode_after_top_bar":"","ocean_shortcode_before_header":"","ocean_shortcode_after_header":"","ocean_has_shortcode":"","ocean_shortcode_after_title":"","ocean_shortcode_before_footer_widgets":"","ocean_shortcode_after_footer_widgets":"","ocean_shortcode_before_footer_bottom":"","ocean_shortcode_after_footer_bottom":"","ocean_display_top_bar":"default","ocean_display_header":"default","ocean_header_style":"","ocean_center_header_left_menu":"0","ocean_custom_header_template":"0","ocean_custom_logo":0,"ocean_custom_retina_logo":0,"ocean_custom_logo_max_width":0,"ocean_custom_logo_tablet_max_width":0,"ocean_custom_logo_mobile_max_width":0,"ocean_custom_logo_max_height":0,"ocean_custom_logo_tablet_max_height":0,"ocean_custom_logo_mobile_max_height":0,"ocean_header_custom_menu":"0","ocean_menu_typo_font_family":"0","ocean_menu_typo_font_subset":"","ocean_menu_typo_font_size":0,"ocean_menu_typo_font_size_tablet":0,"ocean_menu_typo_font_size_mobile":0,"ocean_menu_typo_font_size_unit":"px","ocean_menu_typo_font_weight":"","ocean_menu_typo_font_weight_tablet":"","ocean_menu_typo_font_weight_mobile":"","ocean_menu_typo_transform":"","ocean_menu_typo_transform_tablet":"","ocean_menu_typo_transform_mobile":"","ocean_menu_typo_line_height":0,"ocean_menu_typo_line_height_tablet":0,"ocean_menu_typo_line_height_mobile":0,"ocean_menu_typo_line_height_unit":"","ocean_menu_typo_spacing":0,"ocean_menu_typo_spacing_tablet":0,"ocean_menu_typo_spacing_mobile":0,"ocean_menu_typo_spacing_unit":"","ocean_menu_link_color":"","ocean_menu_link_color_hover":"","ocean_menu_link_color_active":"","ocean_menu_link_background":"","ocean_menu_link_hover_background":"","ocean_menu_link_active_background":"","ocean_menu_social_links_bg":"","ocean_menu_social_hover_links_bg":"","ocean_menu_social_links_color":"","ocean_menu_social_hover_links_color":"","ocean_disable_title":"on","ocean_disable_heading":"default","ocean_post_title":"","ocean_post_subheading":"","ocean_post_title_style":"","ocean_post_title_background_color":"","ocean_post_title_background":0,"ocean_post_title_bg_image_position":"","ocean_post_title_bg_image_attachment":"","ocean_post_title_bg_image_repeat":"","ocean_post_title_bg_image_size":"","ocean_post_title_height":0,"ocean_post_title_bg_overlay":0.5,"ocean_post_title_bg_overlay_color":"","ocean_disable_breadcrumbs":"default","ocean_breadcrumbs_color":"","ocean_breadcrumbs_separator_color":"","ocean_breadcrumbs_links_color":"","ocean_breadcrumbs_links_hover_color":"","ocean_display_footer_widgets":"default","ocean_display_footer_bottom":"default","ocean_custom_footer_template":"0"},"_links":{"self":[{"href":"https:\/\/rabenfelsen.de\/index.php?rest_route=\/wp\/v2\/pages\/4"}],"collection":[{"href":"https:\/\/rabenfelsen.de\/index.php?rest_route=\/wp\/v2\/pages"}],"about":[{"href":"https:\/\/rabenfelsen.de\/index.php?rest_route=\/wp\/v2\/types\/page"}],"author":[{"embeddable":true,"href":"https:\/\/rabenfelsen.de\/index.php?rest_route=\/wp\/v2\/users\/1"}],"replies":[{"embeddable":true,"href":"https:\/\/rabenfelsen.de\/index.php?rest_route=%2Fwp%2Fv2%2Fcomments&post=4"}],"version-history":[{"count":2080,"href":"https:\/\/rabenfelsen.de\/index.php?rest_route=\/wp\/v2\/pages\/4\/revisions"}],"predecessor-version":[{"id":2452,"href":"https:\/\/rabenfelsen.de\/index.php?rest_route=\/wp\/v2\/pages\/4\/revisions\/2452"}],"wp:attachment":[{"href":"https:\/\/rabenfelsen.de\/index.php?rest_route=%2Fwp%2Fv2%2Fmedia&parent=4"}],"curies":[{"name":"wp","href":"https:\/\/api.w.org\/{rel}","templated":true}]}}